{"id":220,"date":"2020-09-25T13:11:41","date_gmt":"2020-09-25T13:11:41","guid":{"rendered":"https:\/\/migratemail.site\/btmex\/?page_id=220"},"modified":"2020-11-10T15:03:36","modified_gmt":"2020-11-10T15:03:36","slug":"lequipe","status":"publish","type":"page","link":"https:\/\/btmex.lu\/?page_id=220","title":{"rendered":"Notre \u00e9quipe"},"content":{"rendered":"\n<p style=\"font-size:40px;text-align:center;font-weight:bold;\"> Vos interlocuteurs<\/p>\n\n\n\n<div class=\"wp-block-columns is-layout-flex wp-container-core-columns-is-layout-9d6595d7 wp-block-columns-is-layout-flex\">\n<div class=\"wp-block-column is-layout-flow wp-block-column-is-layout-flow\">\n<div class=\"wp-block-columns is-layout-flex wp-container-core-columns-is-layout-9d6595d7 wp-block-columns-is-layout-flex\">\n<div class=\"wp-block-column is-layout-flow wp-block-column-is-layout-flow\">\n<a href=\"https:\/\/btmex.lu\/?page_id=17\"><div class=\"name_btmex\">\n <p>MARIANO CASTELLUCCI <br> Administrateur D\u00e9l\u00e9gu\u00e9<\/p> \n<\/div><\/a>\n<\/div>\n\n\n\n<div class=\"wp-block-column is-layout-flow wp-block-column-is-layout-flow\">\n<a href=\"https:\/\/btmex.lu\/?page_id=17\"><div class=\"name_btmex\">\n <p> FABRICE KEMP <br> Administrateur d\u00e9l\u00e9gu\u00e9 <\/p>\n<\/div><\/a>\n<\/div>\n<\/div>\n<\/div>\n\n\n\n<div class=\"wp-block-column is-layout-flow wp-block-column-is-layout-flow\">\n<div class=\"wp-block-columns is-layout-flex wp-container-core-columns-is-layout-9d6595d7 wp-block-columns-is-layout-flex\">\n<div class=\"wp-block-column is-layout-flow wp-block-column-is-layout-flow\">\n<a href=\"https:\/\/btmex.lu\/?page_id=17\"><div class=\"name_btmex\">\n  <p>BRUNO BOUCHER <br>  G\u00e9om\u00e8tre expert associ\u00e9 <\/p>\n<\/div><\/a>\n<\/div>\n\n\n\n<div class=\"wp-block-column is-layout-flow wp-block-column-is-layout-flow\">\n<a href=\"https:\/\/btmex.lu\/?page_id=17\"><div class=\"name_btmex\">\n  <p>BENJAMIN CHAIDRON <br> G\u00e9om\u00e8tre expert associ\u00e9 <\/p>\n<\/div><\/a>\n<\/div>\n<\/div>\n<\/div>\n<\/div>\n\n\n\n<p style=\"font-size:30px;\">Aujourd&rsquo;hui, le Bureau TMEX S.A. compte 15 collaborateurs :<\/p>\n\n\n\n<div style=\"height:100px\" aria-hidden=\"true\" class=\"wp-block-spacer\"><\/div>\n\n\n\n<div class=\"wp-block-columns is-layout-flex wp-container-core-columns-is-layout-9d6595d7 wp-block-columns-is-layout-flex\">\n<div class=\"wp-block-column is-layout-flow wp-block-column-is-layout-flow\">\n<div class=\"wp-block-image is-style-default\"><figure class=\"aligncenter size-large\"><a href=\"https:\/\/btmex.lu\/wp-content\/uploads\/2020\/10\/inge-geo-1.jpg\"><img fetchpriority=\"high\" decoding=\"async\" width=\"626\" height=\"417\" src=\"https:\/\/btmex.lu\/wp-content\/uploads\/2020\/10\/inge-geo-1.jpg\" alt=\"\" class=\"wp-image-563\" srcset=\"https:\/\/btmex.lu\/wp-content\/uploads\/2020\/10\/inge-geo-1.jpg 626w, https:\/\/btmex.lu\/wp-content\/uploads\/2020\/10\/inge-geo-1-300x200.jpg 300w, https:\/\/btmex.lu\/wp-content\/uploads\/2020\/10\/inge-geo-1-408x272.jpg 408w\" sizes=\"(max-width: 626px) 100vw, 626px\" \/><\/a><\/figure><\/div>\n\n\n\n<p style=\"text-align: center;font-size:30px;\">Ing\u00e9nieurs-g\u00e9om\u00e8tres<\/p>\n<\/div>\n\n\n\n<div class=\"wp-block-column is-layout-flow wp-block-column-is-layout-flow\">\n<div class=\"wp-block-image is-style-default\"><figure class=\"aligncenter size-medium is-resized\"><a href=\"https:\/\/btmex.lu\/wp-content\/uploads\/2020\/10\/Fond-de-plan2.jpg\"><img decoding=\"async\" src=\"https:\/\/btmex.lu\/wp-content\/uploads\/2020\/10\/Fond-de-plan2-185x300.jpg\" alt=\"\" class=\"wp-image-578\" width=\"308\" height=\"500\" srcset=\"https:\/\/btmex.lu\/wp-content\/uploads\/2020\/10\/Fond-de-plan2-185x300.jpg 185w, https:\/\/btmex.lu\/wp-content\/uploads\/2020\/10\/Fond-de-plan2-630x1024.jpg 630w, https:\/\/btmex.lu\/wp-content\/uploads\/2020\/10\/Fond-de-plan2-246x400.jpg 246w, https:\/\/btmex.lu\/wp-content\/uploads\/2020\/10\/Fond-de-plan2.jpg 738w\" sizes=\"(max-width: 308px) 100vw, 308px\" \/><\/a><\/figure><\/div>\n\n\n\n<p style=\"text-align: center;font-size:30px;\">G\u00e9om\u00e8tres<\/p>\n<\/div>\n<\/div>\n\n\n\n<div class=\"wp-block-columns is-layout-flex wp-container-core-columns-is-layout-9d6595d7 wp-block-columns-is-layout-flex\">\n<div class=\"wp-block-column is-layout-flow wp-block-column-is-layout-flow\">\n<div class=\"wp-block-image is-style-default\"><figure class=\"aligncenter size-large\"><a href=\"https:\/\/btmex.lu\/wp-content\/uploads\/2020\/10\/dessin-technique-1.jpg\"><img decoding=\"async\" width=\"930\" height=\"450\" src=\"https:\/\/btmex.lu\/wp-content\/uploads\/2020\/10\/dessin-technique-1.jpg\" alt=\"\" class=\"wp-image-558\" srcset=\"https:\/\/btmex.lu\/wp-content\/uploads\/2020\/10\/dessin-technique-1.jpg 930w, https:\/\/btmex.lu\/wp-content\/uploads\/2020\/10\/dessin-technique-1-300x145.jpg 300w, https:\/\/btmex.lu\/wp-content\/uploads\/2020\/10\/dessin-technique-1-768x372.jpg 768w, https:\/\/btmex.lu\/wp-content\/uploads\/2020\/10\/dessin-technique-1-408x197.jpg 408w\" sizes=\"(max-width: 930px) 100vw, 930px\" \/><\/a><\/figure><\/div>\n\n\n\n<p style=\"text-align: center;font-size:30px;\">Dessinateurs<\/p>\n<\/div>\n\n\n\n<div class=\"wp-block-column is-layout-flow wp-block-column-is-layout-flow\">\n<div class=\"wp-block-image is-style-default\"><figure class=\"aligncenter size-full is-resized\"><a href=\"https:\/\/btmex.lu\/wp-content\/uploads\/2020\/10\/unnamed.jpg\"><img loading=\"lazy\" decoding=\"async\" src=\"https:\/\/btmex.lu\/wp-content\/uploads\/2020\/10\/unnamed.jpg\" alt=\"\" class=\"wp-image-683\" width=\"573\" height=\"355\" srcset=\"https:\/\/btmex.lu\/wp-content\/uploads\/2020\/10\/unnamed.jpg 400w, https:\/\/btmex.lu\/wp-content\/uploads\/2020\/10\/unnamed-300x186.jpg 300w\" sizes=\"(max-width: 573px) 100vw, 573px\" \/><\/a><\/figure><\/div>\n\n\n\n<p style=\"text-align: center;font-size:30px;\">Aides-topographes<\/p>\n<\/div>\n<\/div>\n\n\n","protected":false},"excerpt":{"rendered":"<p>Vos interlocuteurs MARIANO CASTELLUCCI Administrateur D\u00e9l\u00e9gu\u00e9 FABRICE KEMP Administrateur d\u00e9l\u00e9gu\u00e9 BRUNO BOUCHER G\u00e9om\u00e8tre expert associ\u00e9 BENJAMIN CHAIDRON G\u00e9om\u00e8tre expert associ\u00e9 Aujourd&rsquo;hui, le Bureau TMEX S.A. compte 15 collaborateurs : Ing\u00e9nieurs-g\u00e9om\u00e8tres G\u00e9om\u00e8tres Dessinateurs Aides-topographes<\/p>\n","protected":false},"author":2,"featured_media":800,"parent":0,"menu_order":0,"comment_status":"closed","ping_status":"closed","template":"","meta":{"footnotes":""},"class_list":["post-220","page","type-page","status-publish","has-post-thumbnail","hentry"],"_links":{"self":[{"href":"https:\/\/btmex.lu\/index.php?rest_route=\/wp\/v2\/pages\/220","targetHints":{"allow":["GET"]}}],"collection":[{"href":"https:\/\/btmex.lu\/index.php?rest_route=\/wp\/v2\/pages"}],"about":[{"href":"https:\/\/btmex.lu\/index.php?rest_route=\/wp\/v2\/types\/page"}],"author":[{"embeddable":true,"href":"https:\/\/btmex.lu\/index.php?rest_route=\/wp\/v2\/users\/2"}],"replies":[{"embeddable":true,"href":"https:\/\/btmex.lu\/index.php?rest_route=%2Fwp%2Fv2%2Fcomments&post=220"}],"version-history":[{"count":21,"href":"https:\/\/btmex.lu\/index.php?rest_route=\/wp\/v2\/pages\/220\/revisions"}],"predecessor-version":[{"id":1104,"href":"https:\/\/btmex.lu\/index.php?rest_route=\/wp\/v2\/pages\/220\/revisions\/1104"}],"wp:featuredmedia":[{"embeddable":true,"href":"https:\/\/btmex.lu\/index.php?rest_route=\/wp\/v2\/media\/800"}],"wp:attachment":[{"href":"https:\/\/btmex.lu\/index.php?rest_route=%2Fwp%2Fv2%2Fmedia&parent=220"}],"curies":[{"name":"wp","href":"https:\/\/api.w.org\/{rel}","templated":true}]}}