{"id":444,"date":"2020-09-28T14:35:09","date_gmt":"2020-09-28T14:35:09","guid":{"rendered":"https:\/\/migratemail.site\/btmex\/?page_id=444"},"modified":"2020-10-27T15:09:14","modified_gmt":"2020-10-27T15:09:14","slug":"notre-role","status":"publish","type":"page","link":"https:\/\/btmex.lu\/?page_id=444","title":{"rendered":"Notre R\u00f4le"},"content":{"rendered":"\n<div id=\"content\" class=\"cryout\">\n    \n  <div id=\"container\" class=\"one-column\">\n    <main id=\"main\" role=\"main\" class=\"main\">\n      \n      \n        <header class=\"page-header pad-container\" itemscope=\"\" itemtype=\"http:\/\/schema.org\/WebPageElement\">\n                  <\/header><!-- .page-header -->\n\n        <div id=\"content-masonry\" class=\"content-masonry\" itemscope=\"\" itemtype=\"http:\/\/schema.org\/Blog\">\n          \n<article id=\"post-217\" class=\"hentry post-217 post type-post status-publish format-standard has-post-thumbnail category-domaine-dactivite\" itemscope=\"\" itemtype=\"http:\/\/schema.org\/BlogPosting\" itemprop=\"blogPost\">\n\n  <div class=\"article-inner\">\n        <div class=\"post-thumbnail-container\" itemprop=\"image\" itemscope=\"\" itemtype=\"http:\/\/schema.org\/ImageObject\">\n\n      <a class=\"post-featured-image\" href=\"https:\/\/btmex.lu\/?p=217\" title=\"Un Peu D'histoire\" style=\"background-image: url(https:\/\/btmex.lu\/wp-content\/uploads\/2020\/10\/pyramide.jpg)\" tabindex=\"-1\">\n      <\/a>\n      <picture class=\"responsive-featured-image\">\n        <source media=\"(max-width: 1152px)\" sizes=\"(max-width: 800px) 100vw,(max-width: 1152px) 50vw, 511px\" srcset=\"https:\/\/btmex.lu\/wp-content\/uploads\/2020\/10\/pyr.jpg 512w\">\n        <source media=\"(max-width: 800px)\" sizes=\"(max-width: 800px) 100vw,(max-width: 1152px) 50vw, 511px\" srcset=\"https:\/\/btmex.lu\/wp-content\/uploads\/2020\/10\/pyr.jpg 800w\">\n                <img decoding=\"async\" alt=\"Un Peu D\u2019histoire\" itemprop=\"url\" src=\"https:\/\/btmex.lu\/wp-content\/uploads\/2020\/10\/pyr.jpg\">\n      <\/picture>\n      <meta itemprop=\"width\" content=\"258\">\n      <meta itemprop=\"height\" content=\"153\">\n      <div class=\"featured-image-overlay\">\n        <a class=\"featured-image-link\" href=\"https:\/\/btmex.lu\/?p=217\" title=\"Un Peu D'histoire\" tabindex=\"-1\"><\/a>\n      <\/div>\n    <\/div>\n  \n\n    <div class=\"entry-after-image\">\n            <header class=\"entry-header\">\n        <h2 class=\"entry-title\" itemprop=\"headline\"><a href=\"https:\/\/btmex.lu\/?p=217\" itemprop=\"mainEntityOfPage\" rel=\"bookmark\">Un peu d\u2019histoire<\/a><\/h2>       <div class=\"entry-meta aftertitle-meta\">\n                  <\/div><!-- .entry-meta -->\n      <\/header><!-- .entry-header -->\n\n      \n          <div class=\"entry-summary\" itemprop=\"description\">\n            <p style=\"text-align: justify;\">Le g\u00e9om\u00e8tre-expert: parmi l\u2019un des plus vieux m\u00e9tier du monde. La plus ancienne activit\u00e9 du g\u00e9om\u00e8tre-expert, \u00e0 savoir la d\u00e9limitation des bien fonciers, est n\u00e9e avec la propri\u00e9t\u00e9 fonci\u00e8re elle m\u00eame. D\u00e8s 1700 avant notre \u00e8re fut r\u00e9dig\u00e9 un papyrus d\u00e9taillant les directives pour arpenter et d\u00e9limiter un terrain.<\/p>\n          <\/div><!-- .entry-summary -->\n          <div class=\"entry-meta entry-utility\">\n                                  <\/div><!-- .entry-utility -->\n          <footer class=\"post-continue-container\">\n            <a class=\"continue-reading-link\" href=\"https:\/\/btmex.lu\/?p=217\"><span>Voir Plus<\/span><em class=\"screen-reader-text\">\u00ab\u00a0Un Peu D\u2019histoire\u00a0\u00bb<\/em><\/a>         <\/footer>\n\n        \n      \n  <span class=\"schema-publisher\" itemprop=\"publisher\" itemscope=\"\" itemtype=\"https:\/\/schema.org\/Organization\">\n         <span itemprop=\"logo\" itemscope=\"\" itemtype=\"https:\/\/schema.org\/ImageObject\">\n           <meta itemprop=\"url\" content=\"https:\/\/btmex.lu\/wp-content\/uploads\/2020\/10\/cropped-logo-3.png\">\n         <\/span>\n         <meta itemprop=\"name\" content=\"Bureau TMEX S.A\">\n    <\/span>\n<link itemprop=\"mainEntityOfPage\" href=\"https:\/\/btmex.lu\/?page_id=217\">   <\/div><!--.entry-after-image-->\n  <\/div><!-- .article-inner -->\n<\/article><!-- #post-217 -->\n\n\n<article id=\"post-213\" class=\"hentry post-213 post type-post status-publish format-standard has-post-thumbnail category-domaine-dactivite\" itemscope=\"\" itemtype=\"http:\/\/schema.org\/BlogPosting\" itemprop=\"blogPost\">\n\n  <div class=\"article-inner\">\n        <div class=\"post-thumbnail-container\" itemprop=\"image\" itemscope=\"\" itemtype=\"http:\/\/schema.org\/ImageObject\">\n\n      <a class=\"post-featured-image\" href=\"https:\/\/btmex.lu\/?p=213\" title=\"B\u00e2timents\" style=\"background-image: url(https:\/\/btmex.lu\/wp-content\/uploads\/2020\/10\/bat2.jpg)\" tabindex=\"-1\">\n      <\/a>\n      <picture class=\"responsive-featured-image\">\n        <source media=\"(max-width: 1152px)\" sizes=\"(max-width: 800px) 100vw,(max-width: 1152px) 50vw, 511px\" srcset=\"https:\/\/btmex.lu\/wp-content\/uploads\/2020\/10\/index879-scaled.jpg 512w\">\n        <source media=\"(max-width: 800px)\" sizes=\"(max-width: 800px) 100vw,(max-width: 1152px) 50vw, 511px\" srcset=\"https:\/\/btmex.lu\/wp-content\/uploads\/2020\/10\/index879-scaled.jpg 800w\">\n                <img decoding=\"async\" alt=\"B\u00e2timents\" itemprop=\"url\" src=\"https:\/\/btmex.lu\/wp-content\/uploads\/2020\/10\/index879-scaled.jpg\">\n      <\/picture>\n      <meta itemprop=\"width\" content=\"258\">\n      <meta itemprop=\"height\" content=\"153\">\n      <div class=\"featured-image-overlay\">\n        <a class=\"featured-image-link\" href=\"https:\/\/btmex.lu\/?p=213\" title=\"B\u00e2timents\" tabindex=\"-1\"><\/a>\n      <\/div>\n    <\/div>\n  \n\n    <div class=\"entry-after-image\">\n            <header class=\"entry-header\">\n        <h2 class=\"entry-title\" itemprop=\"headline\"><a href=\"https:\/\/btmex.lu\/?p=213\" itemprop=\"mainEntityOfPage\" rel=\"bookmark\">B\u00e2timent<\/a><\/h2>       <div class=\"entry-meta aftertitle-meta\">\n                  <\/div><!-- .entry-meta -->\n      <\/header><!-- .entry-header -->\n\n      \n          <div class=\"entry-summary\" itemprop=\"description\">\n            <p style=\"text-align: justify;\">Dans la longue cha\u00eene de collaboration que demande la r\u00e9alisation de chantier de grande importance, allant de l\u2019\u00e9tude approfondie des prix pour la soumission \u00e0 la surveillance du dernier corp d\u2019\u00e9tat de second oeuvre le r\u00f4le du g\u00e9om\u00e8tre de chantier est multiple.<\/p>\n          <\/div><!-- .entry-summary -->\n          <div class=\"entry-meta entry-utility\">\n                                  <\/div><!-- .entry-utility -->\n          <footer class=\"post-continue-container\">\n            <a class=\"continue-reading-link\" href=\"https:\/\/btmex.lu\/?p=213\"><span>Voir Plus<\/span><em class=\"screen-reader-text\">\u00ab\u00a0B\u00e2timents\u00a0\u00bb<\/em><\/a>         <\/footer>\n\n        \n      \n  <span class=\"schema-publisher\" itemprop=\"publisher\" itemscope=\"\" itemtype=\"https:\/\/schema.org\/Organization\">\n         <span itemprop=\"logo\" itemscope=\"\" itemtype=\"https:\/\/schema.org\/ImageObject\">\n           <meta itemprop=\"url\" content=\"https:\/\/btmex.lu\/wp-content\/uploads\/2020\/10\/cropped-logo-3.png\">\n         <\/span>\n         <meta itemprop=\"name\" content=\"Bureau TMEX S.A\">\n    <\/span>\n<link itemprop=\"mainEntityOfPage\" href=\"https:\/\/btmex.lu\/?page_id=213\">   <\/div><!--.entry-after-image-->\n  <\/div><!-- .article-inner -->\n<\/article><!-- #post-213 -->\n\n\n<article id=\"post-207\" class=\"hentry post-207 post type-post status-publish format-standard has-post-thumbnail category-domaine-dactivite\" itemscope=\"\" itemtype=\"http:\/\/schema.org\/BlogPosting\" itemprop=\"blogPost\">\n\n  <div class=\"article-inner\">\n        <div class=\"post-thumbnail-container\" itemprop=\"image\" itemscope=\"\" itemtype=\"http:\/\/schema.org\/ImageObject\">\n\n      <a class=\"post-featured-image\" href=\"https:\/\/btmex.lu\/?p=207\" title=\"G\u00e9nie Civil\" style=\"background-image: url(https:\/\/btmex.lu\/wp-content\/uploads\/2020\/10\/civil2.jpg)\" tabindex=\"-1\">\n      <\/a>\n      <picture class=\"responsive-featured-image\">\n        <source media=\"(max-width: 1152px)\" sizes=\"(max-width: 800px) 100vw,(max-width: 1152px) 50vw, 511px\" srcset=\"https:\/\/btmex.lu\/wp-content\/uploads\/2020\/09\/choisir-specialite-btp-construction-ecole-ingenieurs.jpg 512w\">\n        <source media=\"(max-width: 800px)\" sizes=\"(max-width: 800px) 100vw,(max-width: 1152px) 50vw, 511px\" srcset=\"https:\/\/btmex.lu\/wp-content\/uploads\/2020\/09\/choisir-specialite-btp-construction-ecole-ingenieurs.jpg 800w\">\n                <img decoding=\"async\" alt=\"G\u00e9nie civil\" itemprop=\"url\" src=\"https:\/\/btmex.lu\/wp-content\/uploads\/2020\/09\/choisir-specialite-btp-construction-ecole-ingenieurs.jpg\">\n      <\/picture>\n      <meta itemprop=\"width\" content=\"258\">\n      <meta itemprop=\"height\" content=\"153\">\n      <div class=\"featured-image-overlay\">\n        <a class=\"featured-image-link\" href=\"https:\/\/btmex.lu\/?p=207\" title=\"G\u00e9nie Civil\" tabindex=\"-1\"><\/a>\n      <\/div>\n    <\/div>\n  \n\n    <div class=\"entry-after-image\">\n            <header class=\"entry-header\">\n        <h2 class=\"entry-title\" itemprop=\"headline\"><a href=\"https:\/\/btmex.lu\/?p=207\" itemprop=\"mainEntityOfPage\" rel=\"bookmark\">G\u00e9nie civil<\/a><\/h2>       <div class=\"entry-meta aftertitle-meta\">\n                  <\/div><!-- .entry-meta -->\n      <\/header><!-- .entry-header -->\n\n      \n          <div class=\"entry-summary\" itemprop=\"description\">\n            <p style=\"text-align: justify;\">Lors de la construction de grand ouvrages, le r\u00f4le du g\u00e9om\u00e8tre est toutjours primordial, d\u00e8s le tra\u00e7age du projet sur le terrain jusqu\u2019au contro\u00f4le par le ma\u00eetre d\u2019ouvrage de la bonne ex\u00e9cution de l\u2019oeuvre, le g\u00e9om\u00e8tre, v\u00e9ritable, incontestable et authentique pivot entre le projet et l\u2019ex\u00e9cution.<\/p>\n          <\/div><!-- .entry-summary -->\n          <div class=\"entry-meta entry-utility\">\n                                  <\/div><!-- .entry-utility -->\n          <footer class=\"post-continue-container\">\n            <a class=\"continue-reading-link\" href=\"https:\/\/btmex.lu\/?p=207\"><span>Voir Plus<\/span><em class=\"screen-reader-text\">\u00ab\u00a0G\u00e9nie Civil\u00a0\u00bb<\/em><\/a>         <\/footer>\n\n        \n      \n  <span class=\"schema-publisher\" itemprop=\"publisher\" itemscope=\"\" itemtype=\"https:\/\/schema.org\/Organization\">\n         <span itemprop=\"logo\" itemscope=\"\" itemtype=\"https:\/\/schema.org\/ImageObject\">\n           <meta itemprop=\"url\" content=\"https:\/\/btmex.lu\/wp-content\/uploads\/2020\/10\/cropped-logo-3.png\">\n         <\/span>\n         <meta itemprop=\"name\" content=\"Bureau TMEX S.A\">\n    <\/span>\n<link itemprop=\"mainEntityOfPage\" href=\"https:\/\/btmex.lu\/?page_id=207\">   <\/div><!--.entry-after-image-->\n  <\/div><!-- .article-inner -->\n<\/article><!-- #post-207 -->\n\n\n<article id=\"post-204\" class=\"hentry post-204 post type-post status-publish format-standard has-post-thumbnail category-domaine-dactivite\" itemscope=\"\" itemtype=\"http:\/\/schema.org\/BlogPosting\" itemprop=\"blogPost\">\n\n  <div class=\"article-inner\">\n        <div class=\"post-thumbnail-container\" itemprop=\"image\" itemscope=\"\" itemtype=\"http:\/\/schema.org\/ImageObject\">\n\n      <a class=\"post-featured-image\" href=\"https:\/\/btmex.lu\/?p=204\" title=\"Foncier\" style=\"background-image: url(https:\/\/btmex.lu\/wp-content\/uploads\/2020\/10\/ville-Lille-ouvre-lundi-18-decembre-portes-Organisme-foncier-solidaire-OFS-premiere-France_0_729_486-533x100.jpg)\" tabindex=\"-1\">\n      <\/a>\n      <picture class=\"responsive-featured-image\">\n        <source media=\"(max-width: 1152px)\" sizes=\"(max-width: 800px) 100vw,(max-width: 1152px) 50vw, 511px\" srcset=\"https:\/\/btmex.lu\/wp-content\/uploads\/2020\/10\/4168_928_Deficit-foncier-830x350-1.jpg 512w\">\n        <source media=\"(max-width: 800px)\" sizes=\"(max-width: 800px) 100vw,(max-width: 1152px) 50vw, 511px\" srcset=\"https:\/\/btmex.lu\/wp-content\/uploads\/2020\/10\/4168_928_Deficit-foncier-830x350-1.jpg 800w\">\n                <img decoding=\"async\" alt=\"Foncier\" itemprop=\"url\" src=\"https:\/\/btmex.lu\/wp-content\/uploads\/2020\/10\/4168_928_Deficit-foncier-830x350-1.jpg\">\n      <\/picture>\n      <meta itemprop=\"width\" content=\"511\">\n      <meta itemprop=\"height\" content=\"96\">\n      <div class=\"featured-image-overlay\">\n        <a class=\"featured-image-link\" href=\"https:\/\/btmex.lu\/?p=204\" title=\"Foncier\" tabindex=\"-1\"><\/a>\n      <\/div>\n    <\/div>\n  \n\n    <div class=\"entry-after-image\">\n            <header class=\"entry-header\">\n        <h2 class=\"entry-title\" itemprop=\"headline\"><a href=\"https:\/\/btmex.lu\/?p=204\" itemprop=\"mainEntityOfPage\" rel=\"bookmark\">Foncier<\/a><\/h2>       <div class=\"entry-meta aftertitle-meta\">\n                  <\/div><!-- .entry-meta -->\n      <\/header><!-- .entry-header -->\n\n      \n          <div class=\"entry-summary\" itemprop=\"description\">\n            <p style=\"text-align: justify;\">La pratique moderne de la profession du g\u00e9om\u00e8tre-expert li\u00e9e au fonci\u00e8re comporte un large spectre d\u2019activit\u00e9: le cadastre, la gestion fonci\u00e8re et immobili\u00e8re, la planification territorial, la taxation, l\u2019estimation et \u00e9valuations des biens, la gestion financi\u00e8re, l\u2019investissement et les autres pratiques pour le d\u00e9veloppement durable urbain et rural du pays.<\/p>\n          <\/div><!-- .entry-summary -->\n          <div class=\"entry-meta entry-utility\">\n                                  <\/div><!-- .entry-utility -->\n          <footer class=\"post-continue-container\">\n            <a class=\"continue-reading-link\" href=\"https:\/\/btmex.lu\/?p=204\"><span>Voir Plus<\/span><em class=\"screen-reader-text\">\u00ab\u00a0Foncier\u00a0\u00bb<\/em><\/a>         <\/footer>\n\n        \n      \n  <span class=\"schema-publisher\" itemprop=\"publisher\" itemscope=\"\" itemtype=\"https:\/\/schema.org\/Organization\">\n         <span itemprop=\"logo\" itemscope=\"\" itemtype=\"https:\/\/schema.org\/ImageObject\">\n           <meta itemprop=\"url\" content=\"https:\/\/btmex.lu\/wp-content\/uploads\/2020\/10\/cropped-logo-3.png\">\n         <\/span>\n         <meta itemprop=\"name\" content=\"Bureau TMEX S.A\">\n    <\/span>\n<link itemprop=\"mainEntityOfPage\" href=\"https:\/\/btmex.lu\/?page_id=204\">   <\/div><!--.entry-after-image-->\n  <\/div><!-- .article-inner -->\n<\/article><!-- #post-204 -->\n\n\n<article id=\"post-202\" class=\"hentry post-202 post type-post status-publish format-standard has-post-thumbnail category-domaine-dactivite\" itemscope=\"\" itemtype=\"http:\/\/schema.org\/BlogPosting\" itemprop=\"blogPost\">\n\n  <div class=\"article-inner\">\n        <div class=\"post-thumbnail-container\" itemprop=\"image\" itemscope=\"\" itemtype=\"http:\/\/schema.org\/ImageObject\">\n\n      <a class=\"post-featured-image\" href=\"https:\/\/btmex.lu\/?p=202\" title=\"Industrie\" style=\"background-image: url(https:\/\/btmex.lu\/wp-content\/uploads\/2020\/10\/arcelor.jpg)\" tabindex=\"-1\">\n      <\/a>\n      <picture class=\"responsive-featured-image\">\n        <source media=\"(max-width: 1152px)\" sizes=\"(max-width: 800px) 100vw,(max-width: 1152px) 50vw, 511px\" srcset=\"https:\/\/btmex.lu\/wp-content\/uploads\/2020\/10\/industrie-591418969d5d9.jpg 512w\">\n        <source media=\"(max-width: 800px)\" sizes=\"(max-width: 800px) 100vw,(max-width: 1152px) 50vw, 511px\" srcset=\"https:\/\/btmex.lu\/wp-content\/uploads\/2020\/10\/industrie-591418969d5d9.jpg 800w\">\n                <img decoding=\"async\" alt=\"Industrie\" itemprop=\"url\" src=\"https:\/\/btmex.lu\/wp-content\/uploads\/2020\/10\/industrie-591418969d5d9.jpg\">\n      <\/picture>\n      <meta itemprop=\"width\" content=\"258\">\n      <meta itemprop=\"height\" content=\"270\">\n      <div class=\"featured-image-overlay\">\n        <a class=\"featured-image-link\" href=\"https:\/\/btmex.lu\/?p=202\" title=\"Industrie\" tabindex=\"-1\"><\/a>\n      <\/div>\n    <\/div>\n  \n\n    <div class=\"entry-after-image\">\n            <header class=\"entry-header\">\n        <h2 class=\"entry-title\" itemprop=\"headline\"><a href=\"https:\/\/btmex.lu\/?p=202\" itemprop=\"mainEntityOfPage\" rel=\"bookmark\">Industrie<\/a><\/h2>       <div class=\"entry-meta aftertitle-meta\">\n                  <\/div><!-- .entry-meta -->\n      <\/header><!-- .entry-header -->\n\n      \n          <div class=\"entry-summary\" itemprop=\"description\">\n            <p style=\"text-align: justify;\">Dans l\u2019industrie aussi le g\u00e9om\u00e8tre joue un r\u00f4le fondamental, d\u00e8s l\u2019implantation ou contr\u00f4le des lignes de production jusqu\u2019au r\u00e9glage d\u2019installation m\u00e9canique. chaque arr\u00eat de la production ou l\u2019usure anormale des quelque pi\u00e8ces ils peuvent s\u2019av\u00e9rer financi\u00e8rement tr\u00e8s couteux.<\/p>\n          <\/div><!-- .entry-summary -->\n          <div class=\"entry-meta entry-utility\">\n                                  <\/div><!-- .entry-utility -->\n          <footer class=\"post-continue-container\">\n            <a class=\"continue-reading-link\" href=\"https:\/\/btmex.lu\/?p=202\"><span>Voir Plus<\/span><em class=\"screen-reader-text\">\u00ab\u00a0Industrie\u00a0\u00bb<\/em><\/a>         <\/footer>\n\n        \n      \n  <span class=\"schema-publisher\" itemprop=\"publisher\" itemscope=\"\" itemtype=\"https:\/\/schema.org\/Organization\">\n         <span itemprop=\"logo\" itemscope=\"\" itemtype=\"https:\/\/schema.org\/ImageObject\">\n           <meta itemprop=\"url\" content=\"https:\/\/btmex.lu\/wp-content\/uploads\/2020\/10\/cropped-logo-3.png\">\n         <\/span>\n         <meta itemprop=\"name\" content=\"Bureau TMEX S.A\">\n    <\/span>\n<link itemprop=\"mainEntityOfPage\" href=\"https:\/\/btmex.lu\/?page_id=202\">   <\/div><!--.entry-after-image-->\n  <\/div><!-- .article-inner -->\n<\/article><!-- #post-202 -->\n\n\n<article id=\"post-187\" class=\"hentry post-187 post type-post status-publish format-standard has-post-thumbnail category-domaine-dactivite\" itemscope=\"\" itemtype=\"http:\/\/schema.org\/BlogPosting\" itemprop=\"blogPost\">\n\n  <div class=\"article-inner\">\n        <div class=\"post-thumbnail-container\" itemprop=\"image\" itemscope=\"\" itemtype=\"http:\/\/schema.org\/ImageObject\">\n\n      <a class=\"post-featured-image\" href=\"https:\/\/btmex.lu\/?p=187\" title=\"Autres comp\u00e9tences\" style=\"background-image: url(https:\/\/btmex.lu\/wp-content\/uploads\/2020\/10\/FORT.jpg)\" tabindex=\"-1\">\n      <\/a>\n      <picture class=\"responsive-featured-image\">\n        <source media=\"(max-width: 1152px)\" sizes=\"(max-width: 800px) 100vw,(max-width: 1152px) 50vw, 511px\" srcset=\"https:\/\/btmex.lu\/wp-content\/uploads\/2020\/10\/archeologue-delphimages-fotolia.jpg 512w\">\n        <source media=\"(max-width: 800px)\" sizes=\"(max-width: 800px) 100vw,(max-width: 1152px) 50vw, 511px\" srcset=\"https:\/\/btmex.lu\/wp-content\/uploads\/2020\/10\/archeologue-delphimages-fotolia.jpg 800w\">\n                <img decoding=\"async\" alt=\"Divers\" itemprop=\"url\" src=\"https:\/\/btmex.lu\/wp-content\/uploads\/2020\/10\/archeologue-delphimages-fotolia.jpg\">\n      <\/picture>\n      <meta itemprop=\"width\" content=\"258\">\n      <meta itemprop=\"height\" content=\"153\">\n      <div class=\"featured-image-overlay\">\n        <a class=\"featured-image-link\" href=\"https:\/\/btmex.lu\/?p=187\" title=\"Autres comp\u00e9tences\" tabindex=\"-1\"><\/a>\n      <\/div>\n    <\/div>\n\n    <div class=\"entry-after-image\">\n            <header class=\"entry-header\">\n        <h2 class=\"entry-title\" itemprop=\"headline\"><a href=\"https:\/\/btmex.lu\/?p=187\" itemprop=\"mainEntityOfPage\" rel=\"bookmark\">Autres comp\u00e9tences<\/a><\/h2>        <div class=\"entry-meta aftertitle-meta\">\n                  <\/div><!-- .entry-meta -->\n      <\/header><!-- .entry-header -->\n\n      \n          <div class=\"entry-summary\" itemprop=\"description\">\n            <p style=\"text-align: justify; colors \">Le domaine d\u2019activit\u00e9 du g\u00e9om\u00e8tre peut s\u2019av\u00e9rer tr\u00e8s \u00e9tendu, de l\u2019arch\u00e9ologie \u00e0 l\u2019hydraulique, de l\u2019\u00e9valuation des biens aux \u00e9tats des lieux. L\u00e0 ou des besoins de connaissance interviennent, que ce soit de mesures, quantit\u00e9s ou des simples constats, l\u2019appel \u00e0 un g\u00e9om\u00e8tre-expert peut souvent se r\u00e9v\u00e9ler le bon choix\u2026.<\/p>\n          <\/div>\n          <footer class=\"post-continue-container\">\n            <a class=\"continue-reading-link\" href=\"https:\/\/btmex.lu\/?p=187\"><span>Voir Plus<\/span><em class=\"screen-reader-text\">\u00ab\u00a0Divers\u00a0\u00bb<\/em><\/a>\n          <\/footer>\n        <\/div>\n      <\/div>\n    <\/article>\n  <\/div><\/main><\/div><\/div>\n\n\n\n<div class=\"wp-block-buttons aligncenter is-layout-flex wp-block-buttons-is-layout-flex\">\n<div class=\"wp-block-button\"><a class=\"wp-block-button__link has-accent-1-color has-headings-background-color has-text-color has-background\" href=\"https:\/\/btmex.lu\" style=\"border-radius:2px\">HOME<\/a><\/div>\n<\/div>\n\n\n\n<p><\/p>\n","protected":false},"excerpt":{"rendered":"<p>Un peu d\u2019histoire Le g\u00e9om\u00e8tre-expert: parmi l\u2019un des plus vieux m\u00e9tier du monde. La plus ancienne activit\u00e9 du g\u00e9om\u00e8tre-expert, \u00e0 savoir la d\u00e9limitation des bien fonciers, est n\u00e9e avec la propri\u00e9t\u00e9 fonci\u00e8re elle m\u00eame. D\u00e8s 1700 avant notre \u00e8re fut r\u00e9dig\u00e9 un papyrus d\u00e9taillant les directives pour arpenter et d\u00e9limiter un terrain. Voir Plus\u00ab\u00a0Un Peu D\u2019histoire\u00a0\u00bb B\u00e2timent Dans la longue &hellip;<\/p>\n","protected":false},"author":2,"featured_media":800,"parent":0,"menu_order":0,"comment_status":"closed","ping_status":"closed","template":"","meta":{"footnotes":""},"class_list":["post-444","page","type-page","status-publish","has-post-thumbnail","hentry"],"_links":{"self":[{"href":"https:\/\/btmex.lu\/index.php?rest_route=\/wp\/v2\/pages\/444","targetHints":{"allow":["GET"]}}],"collection":[{"href":"https:\/\/btmex.lu\/index.php?rest_route=\/wp\/v2\/pages"}],"about":[{"href":"https:\/\/btmex.lu\/index.php?rest_route=\/wp\/v2\/types\/page"}],"author":[{"embeddable":true,"href":"https:\/\/btmex.lu\/index.php?rest_route=\/wp\/v2\/users\/2"}],"replies":[{"embeddable":true,"href":"https:\/\/btmex.lu\/index.php?rest_route=%2Fwp%2Fv2%2Fcomments&post=444"}],"version-history":[{"count":24,"href":"https:\/\/btmex.lu\/index.php?rest_route=\/wp\/v2\/pages\/444\/revisions"}],"predecessor-version":[{"id":1072,"href":"https:\/\/btmex.lu\/index.php?rest_route=\/wp\/v2\/pages\/444\/revisions\/1072"}],"wp:featuredmedia":[{"embeddable":true,"href":"https:\/\/btmex.lu\/index.php?rest_route=\/wp\/v2\/media\/800"}],"wp:attachment":[{"href":"https:\/\/btmex.lu\/index.php?rest_route=%2Fwp%2Fv2%2Fmedia&parent=444"}],"curies":[{"name":"wp","href":"https:\/\/api.w.org\/{rel}","templated":true}]}}