{"id":60,"date":"2020-09-24T07:23:07","date_gmt":"2020-09-24T07:23:07","guid":{"rendered":"https:\/\/migratemail.site\/btmex\/?page_id=60"},"modified":"2026-04-15T16:06:55","modified_gmt":"2026-04-15T16:06:55","slug":"presentation","status":"publish","type":"page","link":"https:\/\/btmex.lu\/","title":{"rendered":"Pr\u00e9sentation"},"content":{"rendered":"\n<div style=\"height:72px\" aria-hidden=\"true\" class=\"wp-block-spacer\"><\/div>\n\n\n\n<div style=\"display:none\"><div class=\"carousel-slider-outer carousel-slider-outer-hero-banner-slider carousel-slider-outer-1037\" style=\"--carousel-slider-nav-color:#f1f1f1;--carousel-slider-active-nav-color:#00d1b2;--carousel-slider-arrow-size:48px;--carousel-slider-bullet-size:10px\">\n<div id=\"&#039;id-1037\" class=\"carousel-slider carousel-slider-1037 arrows-visibility-hover dots-visibility-never arrows-outside dots-center dots-square owl-carousel\" data-slide-type=\"hero-banner-slider\" data-owl-settings='{\"nav\":true,\"dots\":false,\"slideBy\":1,\"stagePadding\":0,\"margin\":0,\"loop\":true,\"lazyLoad\":false,\"autoplay\":true,\"autoplayTimeout\":5000,\"autoplaySpeed\":500,\"autoplayHoverPause\":false,\"autoWidth\":false,\"responsive\":{\"300\":{\"items\":1},\"576\":{\"items\":2},\"768\":{\"items\":2},\"1024\":{\"items\":3},\"1280\":{\"items\":4},\"1536\":{\"items\":5}}}' data-animation=\"\">\n<div class=\"carousel-slider-hero__cell hero__cell-1\" style=\"--cell-height: 600px\"><div id=\"slide-item-1037-1\" class=\"carousel-slider-hero__cell__background carousel-slider-hero-ken-in\" style=\"background-position:center center;background-size:cover;background-image:url(https:\/\/btmex.lu\/wp-content\/uploads\/2020\/10\/plan_dinterieur.jpg);background-color:rgba(196,196,196,0.6)\"><\/div><div class=\"carousel-slider-hero__cell__inner carousel-slider--h-position-center carousel-slider--v-position-middle carousel-slider--text-center\" style=\"padding-top:1rem;padding-right:3rem;padding-bottom:1rem;padding-left:3rem\"><div class=\"carousel-slider-hero__cell__background_overlay\" style=\"background-color: rgba(51,51,51,0.43);\"><\/div><div class=\"carousel-slider-hero__cell__content hidden\" style=\"max-width:850px\" data-animation=\"\"><div class=\"carousel-slider-hero__cell__heading\" style=\"--cs-heading-font-size:40px;--cs-heading-gutter:30px;--cs-heading-color:#ffffff\">Bureau TMEX S.A.<\/div><div class=\"carousel-slider-hero__cell__description\" style=\"--cs-description-font-size:20px;--cs-description-gutter:30px;--cs-description-color:#ffffff\">G\u00e9om\u00e8tres experts, topographie , m\u00e9tr\u00e9s et expertises<\/div><\/div><\/div><\/div>\n<div class=\"carousel-slider-hero__cell hero__cell-2\" style=\"--cell-height: 600px\"><div id=\"slide-item-1037-2\" class=\"carousel-slider-hero__cell__background carousel-slider-hero-ken-out\" style=\"background-position:center center;background-size:cover;background-image:url(https:\/\/btmex.lu\/wp-content\/uploads\/2020\/09\/choisir-specialite-btp-construction-ecole-ingenieurs.jpg);background-color:rgba(0,0,0,0.6)\"><\/div><div class=\"carousel-slider-hero__cell__inner carousel-slider--h-position-center carousel-slider--v-position-middle carousel-slider--text-center\" style=\"padding-top:1rem;padding-right:3rem;padding-bottom:1rem;padding-left:3rem\"><div class=\"carousel-slider-hero__cell__background_overlay\" style=\"background-color: rgba(51,51,51,0.43);\"><\/div><div class=\"carousel-slider-hero__cell__content hidden\" style=\"max-width:850px\" data-animation=\"\"><div class=\"carousel-slider-hero__cell__heading\" style=\"--cs-heading-font-size:40px;--cs-heading-gutter:30px;--cs-heading-color:#ffffff\">Bureau TMEX S.A.<\/div><div class=\"carousel-slider-hero__cell__description\" style=\"--cs-description-font-size:20px;--cs-description-gutter:30px;--cs-description-color:#ffffff\">G\u00e9om\u00e8tres experts, topographie, m\u00e9tr\u00e9s et expertises<\/div><\/div><\/div><\/div>\n<div class=\"carousel-slider-hero__cell hero__cell-3\" style=\"--cell-height: 600px\"><div id=\"slide-item-1037-3\" class=\"carousel-slider-hero__cell__background carousel-slider-hero-ken-in\" style=\"background-position:center center;background-size:cover;background-image:url(https:\/\/btmex.lu\/wp-content\/uploads\/2020\/09\/bureau.png);background-color:rgba(0,0,0,0.6)\"><\/div><div class=\"carousel-slider-hero__cell__inner carousel-slider--h-position-center carousel-slider--v-position-middle carousel-slider--text-center\" style=\"padding-top:1rem;padding-right:3rem;padding-bottom:1rem;padding-left:3rem\"><div class=\"carousel-slider-hero__cell__background_overlay\" style=\"background-color: rgba(51,51,51,0.43);\"><\/div><div class=\"carousel-slider-hero__cell__content hidden\" style=\"max-width:850px\" data-animation=\"\"><div class=\"carousel-slider-hero__cell__heading\" style=\"--cs-heading-font-size:40px;--cs-heading-gutter:30px;--cs-heading-color:#ffffff\">Bureau TMEX S.A.<\/div><div class=\"carousel-slider-hero__cell__description\" style=\"--cs-description-font-size:20px;--cs-description-gutter:30px;--cs-description-color:#ffffff\">G\u00e9om\u00e8tres experts, topographie, m\u00e9tr\u00e9s et expertises<\/div><\/div><\/div><\/div>\n<div class=\"carousel-slider-hero__cell hero__cell-4\" style=\"--cell-height: 600px\"><div id=\"slide-item-1037-4\" class=\"carousel-slider-hero__cell__background carousel-slider-hero-ken-out\" style=\"background-position:center center;background-size:cover;background-image:url(https:\/\/btmex.lu\/wp-content\/uploads\/2020\/09\/banner.png);background-color:rgba(0,0,0,0.6)\"><\/div><div class=\"carousel-slider-hero__cell__inner carousel-slider--h-position-center carousel-slider--v-position-middle carousel-slider--text-center\" style=\"padding-top:1rem;padding-right:3rem;padding-bottom:1rem;padding-left:3rem\"><div class=\"carousel-slider-hero__cell__background_overlay\" style=\"background-color: rgba(51,51,51,0.43);\"><\/div><div class=\"carousel-slider-hero__cell__content hidden\" style=\"max-width:850px\" data-animation=\"\"><div class=\"carousel-slider-hero__cell__heading\" style=\"--cs-heading-font-size:40px;--cs-heading-gutter:30px;--cs-heading-color:#ffffff\">Bureau TMEX S.A.<\/div><div class=\"carousel-slider-hero__cell__description\" style=\"--cs-description-font-size:20px;--cs-description-gutter:30px;--cs-description-color:#ffffff\">G\u00e9om\u00e8tres experts, topographie, m\u00e9tr\u00e9s et expertises<\/div><\/div><\/div><\/div>\n<\/div><!-- .carousel-slider-1037 -->\n<\/div><!-- .carousel-slider-outer-1037 -->\n<\/div>\n\n\n\n<div style=\"height:50px\" aria-hidden=\"true\" class=\"wp-block-spacer\"><\/div>\n\n\n\n<p style=\"font-size:35px;font-weight:bold;\">\u00c0 propos de Bureau TMEX S.A.<\/p>\n\n\n\n<p style=\"text-align: justify; font-size: 20px;\">Nous sommes une soci\u00e9t\u00e9 de droit luxembourgeoise cr\u00e9\u00e9e en novembre 2000, qui d\u00e9veloppe ses activit\u00e9s au Luxembourg, ainsi qu\u2019en Belgique et en France. Depuis 2005, nous sommes <strong>certifi\u00e9s ISO 9001<\/strong>.\nBureau TMEX S.A. est aujourd\u2019hui l\u2019un des principaux acteurs du secteur de la <strong>construction<\/strong> au <strong>Luxembourg<\/strong>, en <strong> Wallonie<\/strong> et en <strong>Lorraine<\/strong>. Depuis plus de vingt ans, nous n\u2019avons pas cess\u00e9 de cro\u00eetre et avons acquis une grande <strong>exp\u00e9rience<\/strong> dans diff\u00e9rents domaines :<\/p>\n<ul style=\"text-align: justify;font-size: 20px;\">\n  <li><strong>Levers<\/strong> topographiques, levers d\u2019int\u00e9rieur, projets de <strong>lotissements<\/strong>, d\u00e9limitation et <strong>bornage<\/strong> en Belgique, etc.<\/li>\n  <li><strong>Scanner laser 3D, BIM <\/strong>(un concept de mod\u00e8le 3D)<\/li>\n  <li><strong>Implantations <\/strong>: gros \u0153uvre, g\u00e9nie civil, voirie et r\u00e9seaux divers (VRD), industrie, etc.<\/li>\n  <li><strong>Contr\u00f4les<\/strong>, r\u00e9ceptions de travaux, etc.<\/li>\n  <li><strong>M\u00e9tr\u00e9s<\/strong>, cubatures, plans \u00ab <strong>as-built<\/strong> \u00bb (relev\u00e9 de la situation \u00e0 l\u2019issue des travaux), etc.<\/li>\n  <li>Expertises, <strong>\u00e9tats des lieux<\/strong>, etc. <\/li>\n<\/ul>\n\n\n\n<div style=\"height:50px\" aria-hidden=\"true\" class=\"wp-block-spacer\"><\/div>\n\n\n\n<hr class=\"wp-block-separator has-text-color has-accent-2-color has-css-opacity has-accent-2-background-color has-background is-style-default\"\/>\n\n\n\n<div style=\"height:50px\" aria-hidden=\"true\" class=\"wp-block-spacer\"><\/div>\n\n\n\n<p style=\"font-size:35px;font-weight:bold;\">Nos atouts<\/p>\n\t<ul style=\"font-size: 20px;text-align: justify;\">\n\t\t<li>Un excellent <strong>rapport qualit\u00e9\/prix<\/strong> (constat\u00e9 lors d\u2019enqu\u00eates de satisfaction clients effectu\u00e9es dans le cadre de la certification ISO 9001)<\/li>\n\t\t<li>Un<strong> \u00e9quipement <\/strong>\u00e0 la pointe du progr\u00e8s, tant sur le terrain qu&rsquo;au bureau<\/li>\n\t\t<li>Des v\u00e9hicules permettant de prendre tout le mat\u00e9riel n\u00e9cessaire \u00e0 tout type de travaux<\/li> \n\t\t<li>Une grande <strong>souplesse<\/strong> de r\u00e9action pour servir nos clients dans les plus brefs d\u00e9lais<\/li>\n\t\t<li>Plusieurs \u00e9quipes de terrain, dynamiques et encadr\u00e9es<\/li>\n\t<\/ul>\n<br>\n\t<p style=\"font-size: 20px;text-align: justify;\">\u00c9quip\u00e9 d\u2019<strong>appareils topographiques<\/strong> de derni\u00e8re g\u00e9n\u00e9ration et de <strong>mat\u00e9riel informatique<\/strong> tr\u00e8s puissant, Bureau TMEX est \u00e0 m\u00eame de r\u00e9pondre \u00e0 toutes les demandes \u00e9manant tant d\u2019entreprises de construction que de bureaux d\u2019\u00e9tudes, d\u2019architectes, de promoteurs immobiliers, de collectivit\u00e9s territoriales ou encore de particuliers.<\/p>\n\n\n\n<div style=\"height:50px\" aria-hidden=\"true\" class=\"wp-block-spacer\"><\/div>\n\n\n\n<div class=\"wp-block-columns is-layout-flex wp-container-core-columns-is-layout-9d6595d7 wp-block-columns-is-layout-flex\">\n<div class=\"wp-block-column is-layout-flow wp-block-column-is-layout-flow\">\n<div class=\"wp-block-columns is-layout-flex wp-container-core-columns-is-layout-9d6595d7 wp-block-columns-is-layout-flex\">\n<div class=\"wp-block-column is-layout-flow wp-block-column-is-layout-flow\"><div class=\"wp-block-image\">\n<figure class=\"aligncenter size-large\"><img fetchpriority=\"high\" decoding=\"async\" width=\"628\" height=\"799\" src=\"https:\/\/btmex.lu\/wp-content\/uploads\/2020\/11\/ts16i-right_1_3.jpg\" alt=\"\" class=\"wp-image-1134\" srcset=\"https:\/\/btmex.lu\/wp-content\/uploads\/2020\/11\/ts16i-right_1_3.jpg 628w, https:\/\/btmex.lu\/wp-content\/uploads\/2020\/11\/ts16i-right_1_3-236x300.jpg 236w, https:\/\/btmex.lu\/wp-content\/uploads\/2020\/11\/ts16i-right_1_3-314x400.jpg 314w\" sizes=\"(max-width: 628px) 100vw, 628px\" \/><\/figure><\/div><\/div>\n\n\n\n<div class=\"wp-block-column is-layout-flow wp-block-column-is-layout-flow\"><div class=\"wp-block-image\">\n<figure class=\"aligncenter size-large is-resized\"><img decoding=\"async\" width=\"375\" height=\"692\" src=\"https:\/\/btmex.lu\/wp-content\/uploads\/2020\/11\/TS15.jpg\" alt=\"\" class=\"wp-image-1133\" style=\"width:160px;height:295px\" srcset=\"https:\/\/btmex.lu\/wp-content\/uploads\/2020\/11\/TS15.jpg 375w, https:\/\/btmex.lu\/wp-content\/uploads\/2020\/11\/TS15-163x300.jpg 163w, https:\/\/btmex.lu\/wp-content\/uploads\/2020\/11\/TS15-217x400.jpg 217w\" sizes=\"(max-width: 375px) 100vw, 375px\" \/><\/figure><\/div><\/div>\n\n\n\n<div class=\"wp-block-column is-layout-flow wp-block-column-is-layout-flow\"><div class=\"wp-block-image\">\n<figure class=\"aligncenter size-large is-resized\"><img decoding=\"async\" width=\"282\" height=\"525\" src=\"https:\/\/btmex.lu\/wp-content\/uploads\/2020\/11\/trimble_s6_1.jpg\" alt=\"\" class=\"wp-image-1132\" style=\"width:161px;height:298px\" srcset=\"https:\/\/btmex.lu\/wp-content\/uploads\/2020\/11\/trimble_s6_1.jpg 282w, https:\/\/btmex.lu\/wp-content\/uploads\/2020\/11\/trimble_s6_1-161x300.jpg 161w, https:\/\/btmex.lu\/wp-content\/uploads\/2020\/11\/trimble_s6_1-215x400.jpg 215w\" sizes=\"(max-width: 282px) 100vw, 282px\" \/><\/figure><\/div><\/div>\n<\/div>\n<\/div>\n\n\n\n<div class=\"wp-block-column is-layout-flow wp-block-column-is-layout-flow\">\n<div class=\"wp-block-columns is-layout-flex wp-container-core-columns-is-layout-9d6595d7 wp-block-columns-is-layout-flex\">\n<div class=\"wp-block-column is-layout-flow wp-block-column-is-layout-flow\">\n<div style=\"height:44px\" aria-hidden=\"true\" class=\"wp-block-spacer\"><\/div>\n\n\n<div class=\"wp-block-image\">\n<figure class=\"aligncenter size-large\"><img loading=\"lazy\" decoding=\"async\" width=\"457\" height=\"424\" src=\"https:\/\/btmex.lu\/wp-content\/uploads\/2020\/11\/RTC360.png\" alt=\"\" class=\"wp-image-1130\" srcset=\"https:\/\/btmex.lu\/wp-content\/uploads\/2020\/11\/RTC360.png 457w, https:\/\/btmex.lu\/wp-content\/uploads\/2020\/11\/RTC360-300x278.png 300w, https:\/\/btmex.lu\/wp-content\/uploads\/2020\/11\/RTC360-431x400.png 431w\" sizes=\"(max-width: 457px) 100vw, 457px\" \/><\/figure><\/div><\/div>\n\n\n\n<div class=\"wp-block-column is-layout-flow wp-block-column-is-layout-flow\">\n<div style=\"height:64px\" aria-hidden=\"true\" class=\"wp-block-spacer\"><\/div>\n\n\n<div class=\"wp-block-image\">\n<figure class=\"aligncenter size-large\"><img loading=\"lazy\" decoding=\"async\" width=\"1024\" height=\"826\" src=\"https:\/\/btmex.lu\/wp-content\/uploads\/2020\/11\/Na22-1024x826.jpg\" alt=\"\" class=\"wp-image-1129\" srcset=\"https:\/\/btmex.lu\/wp-content\/uploads\/2020\/11\/Na22-1024x826.jpg 1024w, https:\/\/btmex.lu\/wp-content\/uploads\/2020\/11\/Na22-300x242.jpg 300w, https:\/\/btmex.lu\/wp-content\/uploads\/2020\/11\/Na22-768x619.jpg 768w, https:\/\/btmex.lu\/wp-content\/uploads\/2020\/11\/Na22-496x400.jpg 496w, https:\/\/btmex.lu\/wp-content\/uploads\/2020\/11\/Na22.jpg 1116w\" sizes=\"(max-width: 1024px) 100vw, 1024px\" \/><\/figure><\/div><\/div>\n\n\n\n<div class=\"wp-block-column is-layout-flow wp-block-column-is-layout-flow\"><div class=\"wp-block-image\">\n<figure class=\"aligncenter size-large is-resized\"><img loading=\"lazy\" decoding=\"async\" width=\"270\" height=\"500\" src=\"https:\/\/btmex.lu\/wp-content\/uploads\/2020\/11\/leica-viva-gnss-500x500-1.jpg\" alt=\"\" class=\"wp-image-1128\" style=\"width:155px;height:286px\" srcset=\"https:\/\/btmex.lu\/wp-content\/uploads\/2020\/11\/leica-viva-gnss-500x500-1.jpg 270w, https:\/\/btmex.lu\/wp-content\/uploads\/2020\/11\/leica-viva-gnss-500x500-1-162x300.jpg 162w, https:\/\/btmex.lu\/wp-content\/uploads\/2020\/11\/leica-viva-gnss-500x500-1-216x400.jpg 216w\" sizes=\"(max-width: 270px) 100vw, 270px\" \/><\/figure><\/div><\/div>\n<\/div>\n<\/div>\n<\/div>\n\n\n\n<div style=\"height:84px\" aria-hidden=\"true\" class=\"wp-block-spacer\"><\/div>\n\n\n\n<div class=\"wp-block-columns is-layout-flex wp-container-core-columns-is-layout-9d6595d7 wp-block-columns-is-layout-flex\">\n<div class=\"wp-block-column is-layout-flow wp-block-column-is-layout-flow\">\n<center><a href=\"https:\/\/btmex.lu\/wp-content\/uploads\/2026\/04\/DA01-01-Politique-Qualite.pdf\" target=\"_blank\" rel=\"noopener\"><div class=\"button_btmex-2\">Politique Qualit\u00e9 <\/div><\/a><\/center>\n<\/div>\n\n\n\n<div class=\"wp-block-column is-layout-flow wp-block-column-is-layout-flow\">\n<center><a href=\"https:\/\/btmex.lu\/wp-content\/uploads\/2026\/04\/Bureau-TMEX_Certificat-ISO-9001-FR_2024-2027.pdf\" target=\"_blank\" rel=\"noopener\"><div class=\"button_btmex-2\">Certificat ISO 9001<\/div><\/a><\/center>\n<\/div>\n<\/div>\n\n\n\n<div class=\"wp-block-group\"><div class=\"wp-block-group__inner-container is-layout-flow wp-block-group-is-layout-flow\"><\/div><\/div>\n","protected":false},"excerpt":{"rendered":"<p>\u00c0 propos de Bureau TMEX S.A. Nous sommes une soci\u00e9t\u00e9 de droit luxembourgeoise cr\u00e9\u00e9e en novembre 2000, qui d\u00e9veloppe ses activit\u00e9s au Luxembourg, ainsi qu\u2019en Belgique et en France. Depuis 2005, nous sommes certifi\u00e9s ISO 9001. Bureau TMEX S.A. est aujourd\u2019hui l\u2019un des principaux acteurs du secteur de la construction au Luxembourg, en Wallonie et en Lorraine. Depuis plus de &hellip;<\/p>\n","protected":false},"author":2,"featured_media":0,"parent":0,"menu_order":0,"comment_status":"closed","ping_status":"closed","template":"","meta":{"footnotes":""},"class_list":["post-60","page","type-page","status-publish","hentry"],"_links":{"self":[{"href":"https:\/\/btmex.lu\/index.php?rest_route=\/wp\/v2\/pages\/60","targetHints":{"allow":["GET"]}}],"collection":[{"href":"https:\/\/btmex.lu\/index.php?rest_route=\/wp\/v2\/pages"}],"about":[{"href":"https:\/\/btmex.lu\/index.php?rest_route=\/wp\/v2\/types\/page"}],"author":[{"embeddable":true,"href":"https:\/\/btmex.lu\/index.php?rest_route=\/wp\/v2\/users\/2"}],"replies":[{"embeddable":true,"href":"https:\/\/btmex.lu\/index.php?rest_route=%2Fwp%2Fv2%2Fcomments&post=60"}],"version-history":[{"count":32,"href":"https:\/\/btmex.lu\/index.php?rest_route=\/wp\/v2\/pages\/60\/revisions"}],"predecessor-version":[{"id":1199,"href":"https:\/\/btmex.lu\/index.php?rest_route=\/wp\/v2\/pages\/60\/revisions\/1199"}],"wp:attachment":[{"href":"https:\/\/btmex.lu\/index.php?rest_route=%2Fwp%2Fv2%2Fmedia&parent=60"}],"curies":[{"name":"wp","href":"https:\/\/api.w.org\/{rel}","templated":true}]}}